{"id":13934,"date":"2023-03-28T03:06:17","date_gmt":"2023-03-28T03:06:17","guid":{"rendered":"https:\/\/repromeda-cz.webvalleypreview.com\/test-vitality\/"},"modified":"2023-03-28T03:06:17","modified_gmt":"2023-03-28T03:06:17","slug":"test-vitality","status":"publish","type":"page","link":"https:\/\/repromeda-cz.webvalleypreview.com\/sk\/test-vitality\/","title":{"rendered":"Test vitality"},"content":{"rendered":"","protected":false},"excerpt":{"rendered":"","protected":false},"author":2,"featured_media":0,"parent":0,"menu_order":0,"comment_status":"closed","ping_status":"closed","template":"","meta":{"footnotes":""},"class_list":["post-13934","page","type-page","status-publish","hentry"],"acf":[],"yoast_head":"<!-- This site is optimized with the Yoast SEO plugin v20.8 - https:\/\/yoast.com\/wordpress\/plugins\/seo\/ -->\n<title>Test vitality | Repromeda<\/title>\n<meta name=\"description\" content=\"VITALITY TEST funguje na princ\u00edpe farbenia. Pou\u017eit\u00e9 farbivo (eoz\u00edn) prenik\u00e1 len do m\u0155tvych spermi\u00ed. \u017div\u00e9 spermie zost\u00e1vaj\u00fa po aplik\u00e1cii farbiva biele, zatia\u013e \u010do m\u0155tve spermie s poru\u0161enou cytoplazmatickou membr\u00e1nou sa sfarbia do ru\u017eova a\u017e \u010dervena.\" \/>\n<meta name=\"robots\" content=\"noindex, follow, max-snippet:-1, max-image-preview:large, max-video-preview:-1\" \/>\n<meta property=\"og:locale\" content=\"sk_SK\" \/>\n<meta property=\"og:type\" content=\"article\" \/>\n<meta property=\"og:title\" content=\"Test vitality | Repromeda\" \/>\n<meta property=\"og:description\" content=\"VITALITY TEST funguje na princ\u00edpe farbenia. Pou\u017eit\u00e9 farbivo (eoz\u00edn) prenik\u00e1 len do m\u0155tvych spermi\u00ed. \u017div\u00e9 spermie zost\u00e1vaj\u00fa po aplik\u00e1cii farbiva biele, zatia\u013e \u010do m\u0155tve spermie s poru\u0161enou cytoplazmatickou membr\u00e1nou sa sfarbia do ru\u017eova a\u017e \u010dervena.\" \/>\n<meta property=\"og:url\" content=\"https:\/\/repromeda-cz.webvalleypreview.com\/sk\/test-vitality\/\" \/>\n<meta property=\"og:site_name\" content=\"Repromeda\" \/>\n<meta property=\"article:publisher\" content=\"https:\/\/www.facebook.com\/repromeda\/\" \/>\n<meta property=\"og:image\" content=\"https:\/\/repromeda-cz.webvalleypreview.com\/wp-content\/uploads\/2023\/05\/nahradni-materstvi-cover-small-3.webp\" \/>\n\t<meta property=\"og:image:width\" content=\"1694\" \/>\n\t<meta property=\"og:image:height\" content=\"994\" \/>\n\t<meta property=\"og:image:type\" content=\"image\/webp\" \/>\n<meta name=\"twitter:card\" content=\"summary_large_image\" \/>\n<meta name=\"twitter:site\" content=\"@repromeda\" \/>\n<script type=\"application\/ld+json\" class=\"yoast-schema-graph\">{\"@context\":\"https:\/\/schema.org\",\"@graph\":[{\"@type\":\"WebPage\",\"@id\":\"https:\/\/repromeda-cz.webvalleypreview.com\/sk\/test-vitality\/\",\"url\":\"https:\/\/repromeda-cz.webvalleypreview.com\/sk\/test-vitality\/\",\"name\":\"Test vitality | Repromeda\",\"isPartOf\":{\"@id\":\"https:\/\/repromeda-cz.webvalleypreview.com\/sk\/#website\"},\"datePublished\":\"2023-03-28T03:06:17+00:00\",\"dateModified\":\"2023-03-28T03:06:17+00:00\",\"description\":\"VITALITY TEST funguje na princ\u00edpe farbenia. Pou\u017eit\u00e9 farbivo (eoz\u00edn) prenik\u00e1 len do m\u0155tvych spermi\u00ed. \u017div\u00e9 spermie zost\u00e1vaj\u00fa po aplik\u00e1cii farbiva biele, zatia\u013e \u010do m\u0155tve spermie s poru\u0161enou cytoplazmatickou membr\u00e1nou sa sfarbia do ru\u017eova a\u017e \u010dervena.\",\"breadcrumb\":{\"@id\":\"https:\/\/repromeda-cz.webvalleypreview.com\/sk\/test-vitality\/#breadcrumb\"},\"inLanguage\":\"sk-SK\",\"potentialAction\":[{\"@type\":\"ReadAction\",\"target\":[\"https:\/\/repromeda-cz.webvalleypreview.com\/sk\/test-vitality\/\"]}]},{\"@type\":\"BreadcrumbList\",\"@id\":\"https:\/\/repromeda-cz.webvalleypreview.com\/sk\/test-vitality\/#breadcrumb\",\"itemListElement\":[{\"@type\":\"ListItem\",\"position\":1,\"name\":\"Dom\u016f\",\"item\":\"https:\/\/repromeda-cz.webvalleypreview.com\/sk\/hlavni-stranka\/\"},{\"@type\":\"ListItem\",\"position\":2,\"name\":\"Test vitality\"}]},{\"@type\":\"WebSite\",\"@id\":\"https:\/\/repromeda-cz.webvalleypreview.com\/sk\/#website\",\"url\":\"https:\/\/repromeda-cz.webvalleypreview.com\/sk\/\",\"name\":\"Repromeda\",\"description\":\"\",\"publisher\":{\"@id\":\"https:\/\/repromeda-cz.webvalleypreview.com\/sk\/#organization\"},\"potentialAction\":[{\"@type\":\"SearchAction\",\"target\":{\"@type\":\"EntryPoint\",\"urlTemplate\":\"https:\/\/repromeda-cz.webvalleypreview.com\/sk\/?s={search_term_string}\"},\"query-input\":\"required name=search_term_string\"}],\"inLanguage\":\"sk-SK\"},{\"@type\":\"Organization\",\"@id\":\"https:\/\/repromeda-cz.webvalleypreview.com\/sk\/#organization\",\"name\":\"Repromeda\",\"url\":\"https:\/\/repromeda-cz.webvalleypreview.com\/sk\/\",\"logo\":{\"@type\":\"ImageObject\",\"inLanguage\":\"sk-SK\",\"@id\":\"https:\/\/repromeda-cz.webvalleypreview.com\/sk\/#\/schema\/logo\/image\/\",\"url\":\"https:\/\/repromeda-cz.webvalleypreview.com\/wp-content\/uploads\/2023\/05\/cropped-favicon-repromeda.webp\",\"contentUrl\":\"https:\/\/repromeda-cz.webvalleypreview.com\/wp-content\/uploads\/2023\/05\/cropped-favicon-repromeda.webp\",\"width\":512,\"height\":512,\"caption\":\"Repromeda\"},\"image\":{\"@id\":\"https:\/\/repromeda-cz.webvalleypreview.com\/sk\/#\/schema\/logo\/image\/\"},\"sameAs\":[\"https:\/\/www.facebook.com\/repromeda\/\",\"https:\/\/twitter.com\/repromeda\",\"https:\/\/www.instagram.com\/repromeda\/\",\"https:\/\/www.youtube.com\/channel\/UCEld4fRVQjQMDEPaCmZJvvw\",\"https:\/\/www.linkedin.com\/company\/repromeda\/?viewAsMember=true\",\"https:\/\/open.spotify.com\/show\/6EYRltBa43xNxcJtJEUkTL\"]}]}<\/script>\n<!-- \/ Yoast SEO plugin. -->","yoast_head_json":{"title":"Test vitality | Repromeda","description":"VITALITY TEST funguje na princ\u00edpe farbenia. Pou\u017eit\u00e9 farbivo (eoz\u00edn) prenik\u00e1 len do m\u0155tvych spermi\u00ed. \u017div\u00e9 spermie zost\u00e1vaj\u00fa po aplik\u00e1cii farbiva biele, zatia\u013e \u010do m\u0155tve spermie s poru\u0161enou cytoplazmatickou membr\u00e1nou sa sfarbia do ru\u017eova a\u017e \u010dervena.","robots":{"index":"noindex","follow":"follow","max-snippet":"max-snippet:-1","max-image-preview":"max-image-preview:large","max-video-preview":"max-video-preview:-1"},"og_locale":"sk_SK","og_type":"article","og_title":"Test vitality | Repromeda","og_description":"VITALITY TEST funguje na princ\u00edpe farbenia. Pou\u017eit\u00e9 farbivo (eoz\u00edn) prenik\u00e1 len do m\u0155tvych spermi\u00ed. \u017div\u00e9 spermie zost\u00e1vaj\u00fa po aplik\u00e1cii farbiva biele, zatia\u013e \u010do m\u0155tve spermie s poru\u0161enou cytoplazmatickou membr\u00e1nou sa sfarbia do ru\u017eova a\u017e \u010dervena.","og_url":"https:\/\/repromeda-cz.webvalleypreview.com\/sk\/test-vitality\/","og_site_name":"Repromeda","article_publisher":"https:\/\/www.facebook.com\/repromeda\/","og_image":[{"width":1694,"height":994,"url":"https:\/\/repromeda-cz.webvalleypreview.com\/wp-content\/uploads\/2023\/05\/nahradni-materstvi-cover-small-3.webp","type":"image\/webp"}],"twitter_card":"summary_large_image","twitter_site":"@repromeda","schema":{"@context":"https:\/\/schema.org","@graph":[{"@type":"WebPage","@id":"https:\/\/repromeda-cz.webvalleypreview.com\/sk\/test-vitality\/","url":"https:\/\/repromeda-cz.webvalleypreview.com\/sk\/test-vitality\/","name":"Test vitality | Repromeda","isPartOf":{"@id":"https:\/\/repromeda-cz.webvalleypreview.com\/sk\/#website"},"datePublished":"2023-03-28T03:06:17+00:00","dateModified":"2023-03-28T03:06:17+00:00","description":"VITALITY TEST funguje na princ\u00edpe farbenia. Pou\u017eit\u00e9 farbivo (eoz\u00edn) prenik\u00e1 len do m\u0155tvych spermi\u00ed. \u017div\u00e9 spermie zost\u00e1vaj\u00fa po aplik\u00e1cii farbiva biele, zatia\u013e \u010do m\u0155tve spermie s poru\u0161enou cytoplazmatickou membr\u00e1nou sa sfarbia do ru\u017eova a\u017e \u010dervena.","breadcrumb":{"@id":"https:\/\/repromeda-cz.webvalleypreview.com\/sk\/test-vitality\/#breadcrumb"},"inLanguage":"sk-SK","potentialAction":[{"@type":"ReadAction","target":["https:\/\/repromeda-cz.webvalleypreview.com\/sk\/test-vitality\/"]}]},{"@type":"BreadcrumbList","@id":"https:\/\/repromeda-cz.webvalleypreview.com\/sk\/test-vitality\/#breadcrumb","itemListElement":[{"@type":"ListItem","position":1,"name":"Dom\u016f","item":"https:\/\/repromeda-cz.webvalleypreview.com\/sk\/hlavni-stranka\/"},{"@type":"ListItem","position":2,"name":"Test vitality"}]},{"@type":"WebSite","@id":"https:\/\/repromeda-cz.webvalleypreview.com\/sk\/#website","url":"https:\/\/repromeda-cz.webvalleypreview.com\/sk\/","name":"Repromeda","description":"","publisher":{"@id":"https:\/\/repromeda-cz.webvalleypreview.com\/sk\/#organization"},"potentialAction":[{"@type":"SearchAction","target":{"@type":"EntryPoint","urlTemplate":"https:\/\/repromeda-cz.webvalleypreview.com\/sk\/?s={search_term_string}"},"query-input":"required name=search_term_string"}],"inLanguage":"sk-SK"},{"@type":"Organization","@id":"https:\/\/repromeda-cz.webvalleypreview.com\/sk\/#organization","name":"Repromeda","url":"https:\/\/repromeda-cz.webvalleypreview.com\/sk\/","logo":{"@type":"ImageObject","inLanguage":"sk-SK","@id":"https:\/\/repromeda-cz.webvalleypreview.com\/sk\/#\/schema\/logo\/image\/","url":"https:\/\/repromeda-cz.webvalleypreview.com\/wp-content\/uploads\/2023\/05\/cropped-favicon-repromeda.webp","contentUrl":"https:\/\/repromeda-cz.webvalleypreview.com\/wp-content\/uploads\/2023\/05\/cropped-favicon-repromeda.webp","width":512,"height":512,"caption":"Repromeda"},"image":{"@id":"https:\/\/repromeda-cz.webvalleypreview.com\/sk\/#\/schema\/logo\/image\/"},"sameAs":["https:\/\/www.facebook.com\/repromeda\/","https:\/\/twitter.com\/repromeda","https:\/\/www.instagram.com\/repromeda\/","https:\/\/www.youtube.com\/channel\/UCEld4fRVQjQMDEPaCmZJvvw","https:\/\/www.linkedin.com\/company\/repromeda\/?viewAsMember=true","https:\/\/open.spotify.com\/show\/6EYRltBa43xNxcJtJEUkTL"]}]}},"_links":{"self":[{"href":"https:\/\/repromeda-cz.webvalleypreview.com\/sk\/wp-json\/wp\/v2\/pages\/13934","targetHints":{"allow":["GET"]}}],"collection":[{"href":"https:\/\/repromeda-cz.webvalleypreview.com\/sk\/wp-json\/wp\/v2\/pages"}],"about":[{"href":"https:\/\/repromeda-cz.webvalleypreview.com\/sk\/wp-json\/wp\/v2\/types\/page"}],"author":[{"embeddable":true,"href":"https:\/\/repromeda-cz.webvalleypreview.com\/sk\/wp-json\/wp\/v2\/users\/2"}],"replies":[{"embeddable":true,"href":"https:\/\/repromeda-cz.webvalleypreview.com\/sk\/wp-json\/wp\/v2\/comments?post=13934"}],"version-history":[{"count":0,"href":"https:\/\/repromeda-cz.webvalleypreview.com\/sk\/wp-json\/wp\/v2\/pages\/13934\/revisions"}],"wp:attachment":[{"href":"https:\/\/repromeda-cz.webvalleypreview.com\/sk\/wp-json\/wp\/v2\/media?parent=13934"}],"curies":[{"name":"wp","href":"https:\/\/api.w.org\/{rel}","templated":true}]}}