{"id":13940,"date":"2023-03-28T03:30:41","date_gmt":"2023-03-28T03:30:41","guid":{"rendered":"https:\/\/repromeda-cz.webvalleypreview.com\/icsi-intracytoplazmaticka-injekcia-spermie\/"},"modified":"2023-03-28T03:30:41","modified_gmt":"2023-03-28T03:30:41","slug":"icsi-intracytoplazmaticka-injekcia-spermie","status":"publish","type":"page","link":"https:\/\/repromeda-cz.webvalleypreview.com\/sk\/icsi-intracytoplazmaticka-injekcia-spermie\/","title":{"rendered":"ICSI: Intracytoplazmatick\u00e1 injekcia spermie"},"content":{"rendered":"","protected":false},"excerpt":{"rendered":"","protected":false},"author":2,"featured_media":0,"parent":0,"menu_order":0,"comment_status":"closed","ping_status":"closed","template":"","meta":{"footnotes":""},"class_list":["post-13940","page","type-page","status-publish","hentry"],"acf":[],"yoast_head":"<!-- This site is optimized with the Yoast SEO plugin v20.8 - https:\/\/yoast.com\/wordpress\/plugins\/seo\/ -->\n<title>ICSI: Intracytoplazmatick\u00e1 injekcia spermie | Repromeda<\/title>\n<meta name=\"description\" content=\"Naj\u010dastej\u0161ie pou\u017e\u00edvan\u00e1 technika mikromanipul\u00e1cie, pri ktorej sa do ka\u017ed\u00e9ho vaj\u00ed\u010dka akt\u00edvne prenesie jedna spermia. Z h\u013eadiska v\u00fdvoja embrya ide o bezpe\u010dn\u00fa met\u00f3du, ktor\u00e1 nem\u00e1 vplyv na v\u00fdskyt v\u00fdvojov\u00fdch ch\u00fdb plodu.\" \/>\n<meta name=\"robots\" content=\"noindex, follow, max-snippet:-1, max-image-preview:large, max-video-preview:-1\" \/>\n<meta property=\"og:locale\" content=\"sk_SK\" \/>\n<meta property=\"og:type\" content=\"article\" \/>\n<meta property=\"og:title\" content=\"ICSI: Intracytoplazmatick\u00e1 injekcia spermie | Repromeda\" \/>\n<meta property=\"og:description\" content=\"Naj\u010dastej\u0161ie pou\u017e\u00edvan\u00e1 technika mikromanipul\u00e1cie, pri ktorej sa do ka\u017ed\u00e9ho vaj\u00ed\u010dka akt\u00edvne prenesie jedna spermia. Z h\u013eadiska v\u00fdvoja embrya ide o bezpe\u010dn\u00fa met\u00f3du, ktor\u00e1 nem\u00e1 vplyv na v\u00fdskyt v\u00fdvojov\u00fdch ch\u00fdb plodu.\" \/>\n<meta property=\"og:url\" content=\"https:\/\/repromeda-cz.webvalleypreview.com\/sk\/icsi-intracytoplazmaticka-injekcia-spermie\/\" \/>\n<meta property=\"og:site_name\" content=\"Repromeda\" \/>\n<meta property=\"article:publisher\" content=\"https:\/\/www.facebook.com\/repromeda\/\" \/>\n<meta property=\"og:image\" content=\"https:\/\/repromeda-cz.webvalleypreview.com\/wp-content\/uploads\/2023\/05\/nahradni-materstvi-cover-small-3.webp\" \/>\n\t<meta property=\"og:image:width\" content=\"1694\" \/>\n\t<meta property=\"og:image:height\" content=\"994\" \/>\n\t<meta property=\"og:image:type\" content=\"image\/webp\" \/>\n<meta name=\"twitter:card\" content=\"summary_large_image\" \/>\n<meta name=\"twitter:site\" content=\"@repromeda\" \/>\n<script type=\"application\/ld+json\" class=\"yoast-schema-graph\">{\"@context\":\"https:\/\/schema.org\",\"@graph\":[{\"@type\":\"WebPage\",\"@id\":\"https:\/\/repromeda-cz.webvalleypreview.com\/sk\/icsi-intracytoplazmaticka-injekcia-spermie\/\",\"url\":\"https:\/\/repromeda-cz.webvalleypreview.com\/sk\/icsi-intracytoplazmaticka-injekcia-spermie\/\",\"name\":\"ICSI: Intracytoplazmatick\u00e1 injekcia spermie | Repromeda\",\"isPartOf\":{\"@id\":\"https:\/\/repromeda-cz.webvalleypreview.com\/sk\/#website\"},\"datePublished\":\"2023-03-28T03:30:41+00:00\",\"dateModified\":\"2023-03-28T03:30:41+00:00\",\"description\":\"Naj\u010dastej\u0161ie pou\u017e\u00edvan\u00e1 technika mikromanipul\u00e1cie, pri ktorej sa do ka\u017ed\u00e9ho vaj\u00ed\u010dka akt\u00edvne prenesie jedna spermia. Z h\u013eadiska v\u00fdvoja embrya ide o bezpe\u010dn\u00fa met\u00f3du, ktor\u00e1 nem\u00e1 vplyv na v\u00fdskyt v\u00fdvojov\u00fdch ch\u00fdb plodu.\",\"breadcrumb\":{\"@id\":\"https:\/\/repromeda-cz.webvalleypreview.com\/sk\/icsi-intracytoplazmaticka-injekcia-spermie\/#breadcrumb\"},\"inLanguage\":\"sk-SK\",\"potentialAction\":[{\"@type\":\"ReadAction\",\"target\":[\"https:\/\/repromeda-cz.webvalleypreview.com\/sk\/icsi-intracytoplazmaticka-injekcia-spermie\/\"]}]},{\"@type\":\"BreadcrumbList\",\"@id\":\"https:\/\/repromeda-cz.webvalleypreview.com\/sk\/icsi-intracytoplazmaticka-injekcia-spermie\/#breadcrumb\",\"itemListElement\":[{\"@type\":\"ListItem\",\"position\":1,\"name\":\"Dom\u016f\",\"item\":\"https:\/\/repromeda-cz.webvalleypreview.com\/sk\/hlavni-stranka\/\"},{\"@type\":\"ListItem\",\"position\":2,\"name\":\"ICSI: Intracytoplazmatick\u00e1 injekcia spermie\"}]},{\"@type\":\"WebSite\",\"@id\":\"https:\/\/repromeda-cz.webvalleypreview.com\/sk\/#website\",\"url\":\"https:\/\/repromeda-cz.webvalleypreview.com\/sk\/\",\"name\":\"Repromeda\",\"description\":\"\",\"publisher\":{\"@id\":\"https:\/\/repromeda-cz.webvalleypreview.com\/sk\/#organization\"},\"potentialAction\":[{\"@type\":\"SearchAction\",\"target\":{\"@type\":\"EntryPoint\",\"urlTemplate\":\"https:\/\/repromeda-cz.webvalleypreview.com\/sk\/?s={search_term_string}\"},\"query-input\":\"required name=search_term_string\"}],\"inLanguage\":\"sk-SK\"},{\"@type\":\"Organization\",\"@id\":\"https:\/\/repromeda-cz.webvalleypreview.com\/sk\/#organization\",\"name\":\"Repromeda\",\"url\":\"https:\/\/repromeda-cz.webvalleypreview.com\/sk\/\",\"logo\":{\"@type\":\"ImageObject\",\"inLanguage\":\"sk-SK\",\"@id\":\"https:\/\/repromeda-cz.webvalleypreview.com\/sk\/#\/schema\/logo\/image\/\",\"url\":\"https:\/\/repromeda-cz.webvalleypreview.com\/wp-content\/uploads\/2023\/05\/cropped-favicon-repromeda.webp\",\"contentUrl\":\"https:\/\/repromeda-cz.webvalleypreview.com\/wp-content\/uploads\/2023\/05\/cropped-favicon-repromeda.webp\",\"width\":512,\"height\":512,\"caption\":\"Repromeda\"},\"image\":{\"@id\":\"https:\/\/repromeda-cz.webvalleypreview.com\/sk\/#\/schema\/logo\/image\/\"},\"sameAs\":[\"https:\/\/www.facebook.com\/repromeda\/\",\"https:\/\/twitter.com\/repromeda\",\"https:\/\/www.instagram.com\/repromeda\/\",\"https:\/\/www.youtube.com\/channel\/UCEld4fRVQjQMDEPaCmZJvvw\",\"https:\/\/www.linkedin.com\/company\/repromeda\/?viewAsMember=true\",\"https:\/\/open.spotify.com\/show\/6EYRltBa43xNxcJtJEUkTL\"]}]}<\/script>\n<!-- \/ Yoast SEO plugin. -->","yoast_head_json":{"title":"ICSI: Intracytoplazmatick\u00e1 injekcia spermie | Repromeda","description":"Naj\u010dastej\u0161ie pou\u017e\u00edvan\u00e1 technika mikromanipul\u00e1cie, pri ktorej sa do ka\u017ed\u00e9ho vaj\u00ed\u010dka akt\u00edvne prenesie jedna spermia. Z h\u013eadiska v\u00fdvoja embrya ide o bezpe\u010dn\u00fa met\u00f3du, ktor\u00e1 nem\u00e1 vplyv na v\u00fdskyt v\u00fdvojov\u00fdch ch\u00fdb plodu.","robots":{"index":"noindex","follow":"follow","max-snippet":"max-snippet:-1","max-image-preview":"max-image-preview:large","max-video-preview":"max-video-preview:-1"},"og_locale":"sk_SK","og_type":"article","og_title":"ICSI: Intracytoplazmatick\u00e1 injekcia spermie | Repromeda","og_description":"Naj\u010dastej\u0161ie pou\u017e\u00edvan\u00e1 technika mikromanipul\u00e1cie, pri ktorej sa do ka\u017ed\u00e9ho vaj\u00ed\u010dka akt\u00edvne prenesie jedna spermia. Z h\u013eadiska v\u00fdvoja embrya ide o bezpe\u010dn\u00fa met\u00f3du, ktor\u00e1 nem\u00e1 vplyv na v\u00fdskyt v\u00fdvojov\u00fdch ch\u00fdb plodu.","og_url":"https:\/\/repromeda-cz.webvalleypreview.com\/sk\/icsi-intracytoplazmaticka-injekcia-spermie\/","og_site_name":"Repromeda","article_publisher":"https:\/\/www.facebook.com\/repromeda\/","og_image":[{"width":1694,"height":994,"url":"https:\/\/repromeda-cz.webvalleypreview.com\/wp-content\/uploads\/2023\/05\/nahradni-materstvi-cover-small-3.webp","type":"image\/webp"}],"twitter_card":"summary_large_image","twitter_site":"@repromeda","schema":{"@context":"https:\/\/schema.org","@graph":[{"@type":"WebPage","@id":"https:\/\/repromeda-cz.webvalleypreview.com\/sk\/icsi-intracytoplazmaticka-injekcia-spermie\/","url":"https:\/\/repromeda-cz.webvalleypreview.com\/sk\/icsi-intracytoplazmaticka-injekcia-spermie\/","name":"ICSI: Intracytoplazmatick\u00e1 injekcia spermie | Repromeda","isPartOf":{"@id":"https:\/\/repromeda-cz.webvalleypreview.com\/sk\/#website"},"datePublished":"2023-03-28T03:30:41+00:00","dateModified":"2023-03-28T03:30:41+00:00","description":"Naj\u010dastej\u0161ie pou\u017e\u00edvan\u00e1 technika mikromanipul\u00e1cie, pri ktorej sa do ka\u017ed\u00e9ho vaj\u00ed\u010dka akt\u00edvne prenesie jedna spermia. Z h\u013eadiska v\u00fdvoja embrya ide o bezpe\u010dn\u00fa met\u00f3du, ktor\u00e1 nem\u00e1 vplyv na v\u00fdskyt v\u00fdvojov\u00fdch ch\u00fdb plodu.","breadcrumb":{"@id":"https:\/\/repromeda-cz.webvalleypreview.com\/sk\/icsi-intracytoplazmaticka-injekcia-spermie\/#breadcrumb"},"inLanguage":"sk-SK","potentialAction":[{"@type":"ReadAction","target":["https:\/\/repromeda-cz.webvalleypreview.com\/sk\/icsi-intracytoplazmaticka-injekcia-spermie\/"]}]},{"@type":"BreadcrumbList","@id":"https:\/\/repromeda-cz.webvalleypreview.com\/sk\/icsi-intracytoplazmaticka-injekcia-spermie\/#breadcrumb","itemListElement":[{"@type":"ListItem","position":1,"name":"Dom\u016f","item":"https:\/\/repromeda-cz.webvalleypreview.com\/sk\/hlavni-stranka\/"},{"@type":"ListItem","position":2,"name":"ICSI: Intracytoplazmatick\u00e1 injekcia spermie"}]},{"@type":"WebSite","@id":"https:\/\/repromeda-cz.webvalleypreview.com\/sk\/#website","url":"https:\/\/repromeda-cz.webvalleypreview.com\/sk\/","name":"Repromeda","description":"","publisher":{"@id":"https:\/\/repromeda-cz.webvalleypreview.com\/sk\/#organization"},"potentialAction":[{"@type":"SearchAction","target":{"@type":"EntryPoint","urlTemplate":"https:\/\/repromeda-cz.webvalleypreview.com\/sk\/?s={search_term_string}"},"query-input":"required name=search_term_string"}],"inLanguage":"sk-SK"},{"@type":"Organization","@id":"https:\/\/repromeda-cz.webvalleypreview.com\/sk\/#organization","name":"Repromeda","url":"https:\/\/repromeda-cz.webvalleypreview.com\/sk\/","logo":{"@type":"ImageObject","inLanguage":"sk-SK","@id":"https:\/\/repromeda-cz.webvalleypreview.com\/sk\/#\/schema\/logo\/image\/","url":"https:\/\/repromeda-cz.webvalleypreview.com\/wp-content\/uploads\/2023\/05\/cropped-favicon-repromeda.webp","contentUrl":"https:\/\/repromeda-cz.webvalleypreview.com\/wp-content\/uploads\/2023\/05\/cropped-favicon-repromeda.webp","width":512,"height":512,"caption":"Repromeda"},"image":{"@id":"https:\/\/repromeda-cz.webvalleypreview.com\/sk\/#\/schema\/logo\/image\/"},"sameAs":["https:\/\/www.facebook.com\/repromeda\/","https:\/\/twitter.com\/repromeda","https:\/\/www.instagram.com\/repromeda\/","https:\/\/www.youtube.com\/channel\/UCEld4fRVQjQMDEPaCmZJvvw","https:\/\/www.linkedin.com\/company\/repromeda\/?viewAsMember=true","https:\/\/open.spotify.com\/show\/6EYRltBa43xNxcJtJEUkTL"]}]}},"_links":{"self":[{"href":"https:\/\/repromeda-cz.webvalleypreview.com\/sk\/wp-json\/wp\/v2\/pages\/13940","targetHints":{"allow":["GET"]}}],"collection":[{"href":"https:\/\/repromeda-cz.webvalleypreview.com\/sk\/wp-json\/wp\/v2\/pages"}],"about":[{"href":"https:\/\/repromeda-cz.webvalleypreview.com\/sk\/wp-json\/wp\/v2\/types\/page"}],"author":[{"embeddable":true,"href":"https:\/\/repromeda-cz.webvalleypreview.com\/sk\/wp-json\/wp\/v2\/users\/2"}],"replies":[{"embeddable":true,"href":"https:\/\/repromeda-cz.webvalleypreview.com\/sk\/wp-json\/wp\/v2\/comments?post=13940"}],"version-history":[{"count":0,"href":"https:\/\/repromeda-cz.webvalleypreview.com\/sk\/wp-json\/wp\/v2\/pages\/13940\/revisions"}],"wp:attachment":[{"href":"https:\/\/repromeda-cz.webvalleypreview.com\/sk\/wp-json\/wp\/v2\/media?parent=13940"}],"curies":[{"name":"wp","href":"https:\/\/api.w.org\/{rel}","templated":true}]}}